{"id":38,"date":"2025-04-16T18:49:27","date_gmt":"2025-04-16T18:49:27","guid":{"rendered":"https:\/\/snadv.com.br\/novo\/about\/"},"modified":"2025-04-16T18:49:27","modified_gmt":"2025-04-16T18:49:27","slug":"sna-advogados","status":"publish","type":"page","link":"https:\/\/snadv.com.br\/novo\/sna-advogados\/","title":{"rendered":"Sobre N\u00f3s"},"content":{"rendered":"\n\n\n\n\n<div style=\"font-size: 1.2em; line-height: 1.6; margin-bottom: 1.5em;\"> <strong>A hist\u00f3ria da Sefair &#038; Nascimento Advogados come\u00e7ou com um sonho e um prop\u00f3sito:<\/strong> oferecer servi\u00e7os jur\u00eddicos de alta qualidade, pautados pela \u00e9tica, transpar\u00eancia e dedica\u00e7\u00e3o. Nos primeiros anos, o escrit\u00f3rio focou em estabelecer uma base s\u00f3lida, conquistando a confian\u00e7a de seus clientes em Juiz de Fora. <\/div> <div style=\"font-size: 1.2em; line-height: 1.6; margin-bottom: 1.5em;\"> Com o tempo, a Sefair &#038; Nascimento Advogados expandiu suas \u00e1reas de atua\u00e7\u00e3o para atender a uma demanda crescente por servi\u00e7os jur\u00eddicos especializados. Investiu em capacita\u00e7\u00e3o e fortalecimento da equipe, alinhando todos os profissionais com os valores da empresa. <strong>Essa fase de amadurecimento foi crucial<\/strong> para definir sua identidade como um parceiro estrat\u00e9gico e confi\u00e1vel. <\/div> <div style=\"font-size: 1.2em; line-height: 1.6; margin-bottom: 1.5em;\"> O reconhecimento pela qualidade dos servi\u00e7os levou a um crescimento acelerado, com expans\u00e3o para todo o territ\u00f3rio nacional e aquisi\u00e7\u00e3o de novos clientes. <strong>A ado\u00e7\u00e3o de tecnologias inovadoras<\/strong> permitiu que o escrit\u00f3rio se mantivesse \u00e0 frente das mudan\u00e7as do setor, sempre oferecendo solu\u00e7\u00f5es preventivas e estrat\u00e9gicas. <\/div> <div style=\"font-size: 1.2em; line-height: 1.6; margin-bottom: 1.5em;\"><strong> Ap\u00f3s 21 anos, a Sefair &#038; Nascimento Advogados<\/strong> celebra seu compromisso inabal\u00e1vel com a excel\u00eancia, adaptando-se \u00e0s novas demandas do mercado e mantendo um atendimento personalizado e eficaz. Com uma equipe qualificada, o escrit\u00f3rio se orgulha de seu legado e est\u00e1 preparado para enfrentar os desafios do futuro com o mesmo esp\u00edrito inovador que marcou seu in\u00edcio. <\/div>\n\n\n\n\n\n\n\n<p style=\"text-align: center;\">\n  Fa\u00e7a contato e agende uma visita atrav\u00e9s do e-mail&nbsp;<strong>comercial@snadv.com.br<\/strong>&nbsp;ou pelo telefones <strong>(32) 3217-1981 | (32) 9 9123-3714 <\/strong>. Ser\u00e1 um prazer atend\u00ea-lo.<br><b>Sefair &amp; Nascimento Advogados &#8211; 21 anos de compromisso com a Justi\u00e7a e com voc\u00ea!<\/p>\n  <br>\n","protected":false},"excerpt":{"rendered":"<p>Fa\u00e7a contato e agende uma visita atrav\u00e9s do e-mail&nbsp;comercial@snadv.com.br&nbsp;ou pelo telefones (32) 3217-1981 | (32) 9 9123-3714 . Ser\u00e1 um prazer atend\u00ea-lo.Sefair &amp; Nascimento Advogados &#8211; 21 anos de compromisso com a Justi\u00e7a e com voc\u00ea!<\/p>\n","protected":false},"author":0,"featured_media":0,"parent":0,"menu_order":0,"comment_status":"closed","ping_status":"closed","template":"","meta":{"pagelayer_contact_templates":[],"_pagelayer_content":"","cybocfi_hide_featured_image":"","footnotes":""},"class_list":["post-38","page","type-page","status-publish","hentry"],"_links":{"self":[{"href":"https:\/\/snadv.com.br\/novo\/wp-json\/wp\/v2\/pages\/38","targetHints":{"allow":["GET"]}}],"collection":[{"href":"https:\/\/snadv.com.br\/novo\/wp-json\/wp\/v2\/pages"}],"about":[{"href":"https:\/\/snadv.com.br\/novo\/wp-json\/wp\/v2\/types\/page"}],"replies":[{"embeddable":true,"href":"https:\/\/snadv.com.br\/novo\/wp-json\/wp\/v2\/comments?post=38"}],"version-history":[{"count":20,"href":"https:\/\/snadv.com.br\/novo\/wp-json\/wp\/v2\/pages\/38\/revisions"}],"predecessor-version":[{"id":1164,"href":"https:\/\/snadv.com.br\/novo\/wp-json\/wp\/v2\/pages\/38\/revisions\/1164"}],"wp:attachment":[{"href":"https:\/\/snadv.com.br\/novo\/wp-json\/wp\/v2\/media?parent=38"}],"curies":[{"name":"wp","href":"https:\/\/api.w.org\/{rel}","templated":true}]}}