{"id":37,"date":"2025-04-16T18:49:10","date_gmt":"2025-04-16T18:49:10","guid":{"rendered":"https:\/\/snadv.com.br\/novo\/home\/"},"modified":"2025-04-25T17:10:37","modified_gmt":"2025-04-25T17:10:37","slug":"inicio","status":"publish","type":"page","link":"https:\/\/snadv.com.br\/novo\/","title":{"rendered":"In\u00edcio"},"content":{"rendered":"\n\n\n\n\n<h2>Nossas conquistas na pr\u00e1tica jur\u00eddica<\/h2>\n\n\n\n\n\n\n\n<!DOCTYPE html> \n<html lang=\"en\">\n<head>\n<meta charset=\"UTF-8\">\n<meta name=\"viewport\" content=\"width=device-width, initial-scale=1.0\">\n<title>Contadores com \u00cdcones e Descri\u00e7\u00f5es<\/title>\n<style>\n    \/* Estilos gerais *\/\n    body {\n        font-family: Arial, sans-serif;\n        margin: 0;\n        padding: 0;\n        background-color: #f4f4f4;\n        color: #333;\n    }\n    \n    \/* Layout de colunas *\/\n    .container {\n        width: 90%;\n        margin: 0 auto;\n        display: grid;\n        grid-template-columns: repeat(3, 1fr); \/* 3 colunas *\/\n        grid-gap: 20px;\n        justify-items: center;\n        margin-top: 50px;\n    }\n    \n    .block {\n        width: 300px;\n        background-color: white;\n        padding: 20px;\n        border-radius: 8px;\n        box-shadow: 0 4px 8px rgba(0, 0, 0, 0.1);\n        text-align: center;\n    }\n    \n    .icon {\n        font-size: 40px;\n        color: #222346;\n        margin-bottom: 10px;\n    }\n    \n    .counter {\n        font-size: 36px;\n        font-weight: bold;\n        margin: 10px 0;\n        color: #333;\n    }\n    \n    .description {\n        font-size: 18px;\n        color: #666;\n    }\n    \n    \/* Responsividade *\/\n    @media (max-width: 1024px) {\n        .container {\n            grid-template-columns: repeat(2, 1fr); \/* 2 colunas em telas m\u00e9dias *\/\n        }\n    }\n    \n    @media (max-width: 768px) {\n        .container {\n            grid-template-columns: 1fr; \/* 1 coluna em telas pequenas *\/\n        }\n        \n        .block {\n            width: 100%; \/* Ajusta a largura para 100% em telas pequenas *\/\n        }\n    }\n    \n    \/* \u00cdcones Font Awesome *\/\n    @import url('https:\/\/cdnjs.cloudflare.com\/ajax\/libs\/font-awesome\/6.0.0-beta3\/css\/all.min.css');\n<\/style>\n<!-- Contadores com 2 linhas e 3 colunas -->\n<div class=\"container\">\n    <div class=\"block\">\n        <i class=\"fas fa-calendar-alt icon\"><\/i>\n        <div class=\"counter\" id=\"counter1\">0<\/div>\n        <p class=\"description\">Anos de Experi\u00eancia<\/p>\n    <\/div>\n    <div class=\"block\">\n        <i class=\"fas fa-handshake icon\"><\/i>\n        <div class=\"counter\" id=\"counter2\">0%<\/div>\n        <p class=\"description\">Ganhos de Causas<\/p>\n    <\/div>\n    <div class=\"block\">\n        <i class=\"fas fa-chart-line icon\"><\/i>\n        <div class=\"counter\" id=\"counter3\">0%<\/div>\n        <p class=\"description\">Redu\u00e7\u00e3o de Passivo<\/p>\n    <\/div>\n    <div class=\"block\">\n        <i class=\"fas fa-coins icon\"><\/i>\n        <div class=\"counter\" id=\"counter4\">+0<\/div>\n        <p class=\"description\">Bilh\u00f5es de Reais Geridos<\/p>\n    <\/div>\n    <div class=\"block\">\n        <i class=\"fas fa-check icon\"><\/i>\n        <div class=\"counter\" id=\"counter5\">+0<\/div>\n        <p class=\"description\">Processos Geridos<\/p>\n    <\/div>\n    <div class=\"block\">\n        <i class=\"fas fa-folder-plus icon\"><\/i>\n        <div class=\"counter\" id=\"counter6\">+0<\/div>\n        <p class=\"description\">Processos Ativos<\/p>\n    <\/div>\n<\/div>\n<script>\n    \/\/ Fun\u00e7\u00e3o de contador animado com loop\n    function animateCounter(id, start, end, duration, prefix = '', suffix = '') {\n        const obj = document.getElementById(id);\n        let startTime = null;\n        const step = (timestamp) => {\n            if (!startTime) startTime = timestamp;\n            const progress = Math.min((timestamp - startTime) \/ duration, 1);\n            obj.innerHTML = prefix + Math.floor(progress * (end - start) + start) + suffix;\n            if (progress < 1) {\n                window.requestAnimationFrame(step);\n            } else {\n                \/\/ Reinicia o contador ap\u00f3s um pequeno intervalo\n                setTimeout(() => {\n                    animateCounter(id, start, end, duration, prefix, suffix);\n                }, 5000); \/\/ Intervalo de 1 segundo antes de reiniciar\n            }\n        };\n        window.requestAnimationFrame(step);\n    }\n    \/\/ Inicializa os contadores com loop\n    document.addEventListener('DOMContentLoaded', function() {\n        animateCounter('counter1', 0, 21, 3000, '', '+');\n        animateCounter('counter2', 0, 87, 3000, '', '%');\n        animateCounter('counter3', 0, 92, 3000, '', '%');\n        animateCounter('counter4', 0, 4, 3000, '+', 'B');\n        animateCounter('counter5', 0, 13437, 3000, '+', '');\n        animateCounter('counter6', 0, 3590, 3000, '+', '');\n    });\n<\/script>\n<\/body>\n<\/html>\n\n\n\n\n\n<h2>Fa\u00e7a o Tour 360\u00b0 no escrit\u00f3rio Sefair &amp; Nascimento Advogados<\/h2>\n\n\n\n\n\nRua Oleg\u00e1rio Maciel, 770 Santa Helena, Juiz de Fora &#8211; MG CEP: 36015-350\n\n\n\n\n\n\n\n\n\n\n\n<p [object NamedNodeMap]><mark style=\"background-color:rgba(0, 0, 0, 0)\" class=\"has-inline-color has-white-color\">\u00c9 um servi\u00e7o que fornece orienta\u00e7\u00e3o e aconselhamento legal. Desde contratos e lit\u00edgios at\u00e9 conformidade regulat\u00f3ria e planejamento estrat\u00e9gico.<\/mark><\/p>\n\n\n\n\n\n<p [object NamedNodeMap]><mark style=\"background-color:rgba(0, 0, 0, 0)\" class=\"has-inline-color has-white-color\">Assessoria Jur\u00eddica \u00e9 o servi\u00e7o que oferece suporte e orienta\u00e7\u00e3o legal especializada para garantir que indiv\u00edduos e empresas atuem de acordo com a legisla\u00e7\u00e3o vigente.<\/mark><\/p>\n\n\n\n\n\n<p [object NamedNodeMap]><mark style=\"background-color:rgba(0, 0, 0, 0)\" class=\"has-inline-color has-white-color\">Envolve a coleta, interpreta\u00e7\u00e3o e administra\u00e7\u00e3o eficaz de informa\u00e7\u00f5es para melhorar a tomada de decis\u00f5es e otimizar processos empresariais.<\/mark><\/p>\n\n\n\n\n\n\n\n<h2>Algumas de nossas \u00e1rea de atua\u00e7\u00e3o<\/h2>\n\n\n\n<p>Na <strong>Sefair e Nascimento<\/strong> <strong>Advogados<\/strong>, oferecemos solu\u00e7\u00f5es jur\u00eddicas personalizadas e eficientes para atender \u00e0s suas necessidades. Com expertise em \u00e1reas como Trabalhista, C\u00edvel, Societ\u00e1rio, Tribut\u00e1rio e Administrativo, estamos preparados para representar e orientar voc\u00ea com excel\u00eancia e compromisso. Confie em nossa equipe para alcan\u00e7ar os melhores resultados.<\/p>\n\n\n\n\n\n\n\nOferecemos assessoria completa em quest\u00f5es trabalhistas para empresas, atuando em processos judiciais e administrativos, al\u00e9m de consultoria preventiva para minimizar riscos e assegurar conformidade com a legisla\u00e7\u00e3o trabalhista.\n\n\n\n\n\nNossa equipe atua em lit\u00edgios c\u00edveis, representando clientes em disputas judiciais, negocia\u00e7\u00f5es e media\u00e7\u00f5es, com foco em solu\u00e7\u00f5es r\u00e1pidas e eficazes em \u00e1reas como responsabilidade civil, direitos obrigacionais e possess\u00f3rios.\n\n\n\n\n\nPrestamos assessoria em todas as quest\u00f5es relacionadas \u00e0 constitui\u00e7\u00e3o, reestrutura\u00e7\u00e3o e dissolu\u00e7\u00e3o de sociedades empresariais, incluindo fus\u00f5es, aquisi\u00e7\u00f5es e resolu\u00e7\u00e3o de conflitos entre s\u00f3cios, sempre com foco na prote\u00e7\u00e3o dos interesses de nossos clientes.\n\n\n\n\n\n\n\nOferecemos consultoria em planejamento tribut\u00e1rio e contencioso fiscal, defendendo nossos clientes em disputas administrativas e judiciais, al\u00e9m de trabalhar na otimiza\u00e7\u00e3o da carga tribut\u00e1ria de forma segura e eficiente.\n\n\n\n\n\nAtuamos na defesa de empresas e particulares em quest\u00f5es envolvendo contratos administrativos, licita\u00e7\u00f5es p\u00fablicas e atua\u00e7\u00e3o junto a \u00f3rg\u00e3os reguladores, garantindo seguran\u00e7a jur\u00eddica em suas rela\u00e7\u00f5es com o setor p\u00fablico.\n\n\n\n\n\nAjudamos voc\u00ea a entender seus direitos e a obter o melhor benef\u00edcio poss\u00edvel. Seu futuro, nossas solu\u00e7\u00f5es. An\u00e1lise de benef\u00edcios, planejamento previdenci\u00e1rio, revis\u00f5es e representa\u00e7\u00e3o jur\u00eddica. Conte com a nossa expertise.\n\n\n\n\n\n\n\n\n\n\n\n<p>Lorem Ipsum has been the industry&#8217;s standard dummy text ever since the 1500s.<\/p>\n\n\n\n\n\n<p class=\"has-medium-font-size\"><strong>S\u00e9rgio Sefair<\/strong><\/p>\n\n\n\n<p class=\"has-text-color has-link-color wp-elements-b6fd3af8c4c8c9b91083703cdde32ea7\" style=\"color:#2c2d49\">Com mais de 28 anos de experi\u00eancia na advocacia especializada em Direito Empresarial e Tribut\u00e1rio. Bacharel em Direito pela Faculdade de Ci\u00eancias Jur\u00eddicas e Sociais Vianna J\u00fanior, possui P\u00f3s-Gradua\u00e7\u00e3o em Direito Empresarial pela Funda\u00e7\u00e3o Get\u00falio Vargas (FGV).<\/p>\n\n\n\n<p class=\"has-text-color has-link-color wp-elements-654804446c1a3560377319c3e6db8219\" style=\"color:#2c2d49\">S\u00e9rgio complementa sua forma\u00e7\u00e3o com cursos de lideran\u00e7a, desenvolvimento humano e empreendedorismo, sendo participante da Forma\u00e7\u00e3o em Desenvolvimento Pleno pelo Instituto de Administra\u00e7\u00e3o de S\u00e3o Paulo (INSTIAD) e do programa EMPRETEC do Sebrae\/ONU.<\/p>\n\n\n\n<p class=\"has-text-color has-link-color wp-elements-2349faf6951cf09e6de12c32727fd0c1\" style=\"color:#2c2d49\">Al\u00e9m de sua atua\u00e7\u00e3o jur\u00eddica, S\u00e9rgio \u00e9 palestrante, especialista em negocia\u00e7\u00f5es, com publica\u00e7\u00f5es em revistas especializadas, Diretor de Expans\u00e3o do BNI \u2013 Business Network International, Zona da Mata e Vertentes; e Presidente da Comiss\u00e3o de Direito Empresarial da OAB\/MG \u2013 Subse\u00e7\u00e3o Juiz de Fora.<\/p>\n\n\n\n<p class=\"has-text-color has-link-color wp-elements-4c099d127a5126287d1e7aafab75baac\" style=\"color:#2c2d49\">Com uma abordagem estrat\u00e9gica e inovadora, lidera a Sefair &amp; Nascimento Advogados, oferecendo solu\u00e7\u00f5es jur\u00eddicas de alto n\u00edvel em todo o Brasil.<\/p>\n\n\n\n\n\n\n\n\n\n\n\n<p class=\"has-medium-font-size\"><strong>Katarina Nascimento<\/strong><\/p>\n\n\n\n<p class=\"has-text-color has-link-color wp-elements-cd3b0a8b7ff7d95a9c348e5a0836fbe0\" style=\"color:#2c2d49\">Possui uma s\u00f3lida experi\u00eancia de 24 anos na advocacia, com especializa\u00e7\u00e3o em Direito Tribut\u00e1rio. <br><br>Formada em Direito pela Faculdade de Ci\u00eancias Jur\u00eddicas e Sociais Vianna J\u00fanior, ela complementou sua forma\u00e7\u00e3o acad\u00eamica com uma P\u00f3s-Gradua\u00e7\u00e3o em Direito Empresarial pela Funda\u00e7\u00e3o Get\u00falio Vargas (FGV) e um LL.M (Master of Law) em Direito Corporativo pelo IBMEC \u2013 Rio de Janeiro. <br><br>Al\u00e9m disso, Katarina cursou &#8220;Finan\u00e7as para Advogados&#8221; pela Alumni COPPEAD \u2013 RJ e participou do curso &#8220;A Engenharia do Planejamento Sucess\u00f3rio&#8221;, agregando expertise em \u00e1reas complementares ao direito.<\/p>\n\n\n\n<p class=\"has-text-color has-link-color wp-elements-eedab53fa88b6e0297fe4a81b5827964\" style=\"color:#2c2d49\">Katarina \u00e9 uma participante ativa em congressos e workshops que abrangem temas como Direito Empresarial, Tribut\u00e1rio e Contabilidade. Incluindo tr\u00eas anos como diretora jur\u00eddica em uma empresa de consultoria empresarial. <br><br>Desempenha um papel essencial na lideran\u00e7a da Sefair &amp; Nascimento Advogados.<\/p>\n\n\n\n\n\n<p>Lorem Ipsum has been the industry&#8217;s standard dummy text ever since the 1500s.<\/p>\n\n\n\n\n\n\n\n<h2>Atendemos em todo o Brasil!<\/h2>\n\n\n\n\n\n\n\n<b><h5>Atendimento Nacional: Levando Qualidade a Todo o Brasil.<\/h5><\/b> <br>N\u00f3s, da Sefair &amp; Nascimento Advogados temos o orgulho de informar que j\u00e1 atendemos clientes em quase todo o territ\u00f3rio nacional. <br><br>Nosso compromisso com a excel\u00eancia e a satisfa\u00e7\u00e3o do cliente nos permitiu expandir nossa presen\u00e7a em regi\u00f5es do Brasil, garantindo servi\u00e7os de alta qualidade estejam dispon\u00edveis para mais pessoas a cada dia.<br><br><strong>Estados que j\u00e1 atendemos:<\/strong><br>Minas Gerais (MG)<br>S\u00e3o Paulo (SP)<br>Rio de Janeiro (RJ)<br>Esp\u00edrito Santo (ES)<br>Distrito Federal (DF)<br>Bahia (BA)<br>Maranh\u00e3o (MA)<br>Rio Grande do Norte (RN)<br>Rond\u00f4nia (RO)<br>Pernambuco (PE)<br>Rio Grande do Sul (RS)<br>Santa Catarina (SC)<br>Paran\u00e1 (PR)<br>Goi\u00e1s (GO)<br>Acre (AC)<br>Cear\u00e1 (CE)<br>Amazonas (AM)<br><br>Estamos empenhados em continuar expandindo nossa \u00e1rea de atua\u00e7\u00e3o e levando nossos servi\u00e7os para ainda mais estados. <br>\n\n\n\n\n\n\n\n\n\nSEFAIR &amp; NASCIMENTO ADVOGADOS\n\n\n\n\n\n\n\n<!DOCTYPE html>\n<html lang=\"en\">\n<head>\n    <meta charset=\"UTF-8\">\n    <meta name=\"viewport\" content=\"width=device-width, initial-scale=1.0\">\n    <title>Bot\u00e3o com Link<\/title>\n    <style>\n        .full-width-button {\n            width: 100%;\n            padding: 10px;\n            background-color: #131438;\n            color: white;\n            border: none;\n            cursor: pointer;\n            font-size: 16px;\n            text-align: center;\n            text-decoration: none; \/* Remove o sublinhado do link *\/\n            display: inline-block; \/* Permite que o bot\u00e3o se comporte como um bot\u00e3o de link *\/\n        }\n\n        .full-width-button:hover {\n            background-color: #DBAB69;\n        }\n    <\/style>\n<\/head>\n<body>\n\n<a href=\"https:\/\/web.whatsapp.com\/send?phone=32991233714&#038;text=\" class=\"full-width-button\">Fale agora com um de nossos especialistas! Atendimento imediato e personalizado.<\/a>\n\n<\/body>\n<\/html>\n\n\n\n\n\n<h2>Nossa Localiza\u00e7\u00e3o<\/h2>\n\n\n\n\n\n<iframe src=\"https:\/\/www.google.com\/maps\/embed?pb=!1m14!1m8!1m3!1d14821.886834919158!2d-43.3547428!3d-21.7619974!3m2!1i1024!2i768!4f13.1!3m3!1m2!1s0x989c9f7157266f%3A0xe6575b15592acbc7!2sSefair%20%26%20Nascimento%20Advogados%20-%20Direito%20Empresarial%2C%20Tribut%C3%A1rio%20e%20Trabalhista%20em%20Juiz%20de%20Fora!5e0!3m2!1spt-BR!2sbr!4v1727641717647!5m2!1spt-BR!2sbr\" width=\"100%\" height=\"350\" style=\"border:0;\" allowfullscreen=\"\" loading=\"lazy\" referrerpolicy=\"no-referrer-when-downgrade\"><\/iframe>\n\n\n\n<p><\/p>\n","protected":false},"excerpt":{"rendered":"","protected":false},"author":1,"featured_media":0,"parent":0,"menu_order":0,"comment_status":"closed","ping_status":"closed","template":"","meta":{"pagelayer_contact_templates":[],"_pagelayer_content":"","cybocfi_hide_featured_image":"","footnotes":""},"class_list":["post-37","page","type-page","status-publish","hentry"],"_links":{"self":[{"href":"https:\/\/snadv.com.br\/novo\/wp-json\/wp\/v2\/pages\/37","targetHints":{"allow":["GET"]}}],"collection":[{"href":"https:\/\/snadv.com.br\/novo\/wp-json\/wp\/v2\/pages"}],"about":[{"href":"https:\/\/snadv.com.br\/novo\/wp-json\/wp\/v2\/types\/page"}],"author":[{"embeddable":true,"href":"https:\/\/snadv.com.br\/novo\/wp-json\/wp\/v2\/users\/1"}],"replies":[{"embeddable":true,"href":"https:\/\/snadv.com.br\/novo\/wp-json\/wp\/v2\/comments?post=37"}],"version-history":[{"count":465,"href":"https:\/\/snadv.com.br\/novo\/wp-json\/wp\/v2\/pages\/37\/revisions"}],"predecessor-version":[{"id":1226,"href":"https:\/\/snadv.com.br\/novo\/wp-json\/wp\/v2\/pages\/37\/revisions\/1226"}],"wp:attachment":[{"href":"https:\/\/snadv.com.br\/novo\/wp-json\/wp\/v2\/media?parent=37"}],"curies":[{"name":"wp","href":"https:\/\/api.w.org\/{rel}","templated":true}]}}